{"id":11,"date":"2013-10-15T21:02:52","date_gmt":"2013-10-15T21:02:52","guid":{"rendered":"http:\/\/www.marimantyla.com\/?page_id=11"},"modified":"2026-02-25T11:21:07","modified_gmt":"2026-02-25T11:21:07","slug":"mari-mantyla","status":"publish","type":"page","link":"https:\/\/www.marimantyla.com\/en\/mari-mantyla\/","title":{"rendered":"Mari M\u00e4ntyl\u00e4"},"content":{"rendered":"<div style=\"width: 427px\" class=\"wp-caption alignleft\"><a href=\"https:\/\/www.marimantyla.com\/wp-content\/uploads\/2019\/01\/M\u00e4ntyl\u00e4_19-01-05_102.jpg\"><img loading=\"lazy\" decoding=\"async\" class=\" \" style=\"margin-right: 15px;\" src=\"https:\/\/www.marimantyla.com\/wp-content\/uploads\/2019\/01\/M\u00e4ntyl\u00e4_19-01-05_102.jpg\" alt=\"Mari M\u00e4ntyl\u00e4, photo: Heikki Tuuli\" width=\"417\" height=\"560\"><\/a><p class=\"wp-caption-text\"><small>Photo: Heikki Tuuli<\/small><\/p><\/div>\n<p>Mari M\u00e4ntyl\u00e4 is one of the most appreciated classical guitarists in Finland. Her main instrument is decacorde, the 10-string classical guitar.<br \/>\nM\u00e4ntyl\u00e4 has given concerts both as a soloist and as a chamber musician throughout Europe, the Middle East and Asia.<br \/>\nShe is engaged in collaboration with a number of composers from both Finland and abroad. Composers, among others, Jukka Tiensuu, Pekka Jalkanen, Juha T Koskinen, Olli Virtaperko, Heikki Valpola, Harri Wessman, Juan Antonio Muro, Eero H\u00e4meenniemi, Sid Hille, Nikita Koshkin, Anastasia Salo, Graham Lynch, Vincent Bouchot, T\u00f5nu K\u00f5rvits, Charlotte Bray, Ren\u00e9 Eespere, Mari Sainio ja Markku Klami. M\u00e4ntyl\u00e4 has given several premiere performances of new music composed for the decacorde and thus she has significantly contributed in making this instrument better known to the public.<\/p>\n<p>Her basic repertoire is drawn from different periods of classical art music, but she is a diverse musician, adapting easily to different music styles. Her work with Finnish folk musicians and her role as the guitarist in a band, specialized in Portuguese fado music are examples of this versatility.<br \/>\nM\u00e4ntyl\u00e4 plays chamber music in a range of groups. Duo Dryades, a bandone\u00f3n-decacorde duo, formed together with the bandoneonist Kristina Kuusisto in 2002, performs actively at concerts in Finland and abroad. The duo has released three albums. All albums have received enthusiastic reviews in the press. Speira CD was selected a classical music Emma Award nominee (a prize issued by the Finnish recording industry for the most distinguished artists and productions of the year). Duo Dryades has also performed with the Ostrobothnian Chamber Orchestra in the concert where Pekka Jalkanen\u2019s double concerto Aeterna, dedicated for this duo, was given its world premiere.<\/p>\n<p>One of M\u00e4ntyl\u00e4\u2019s music productions is monologue opera Dominus Krabbe, composed by Pekka Jalkanen, performed together with countertenor Teppo Lampela. The premiere of the Opera was given in the Helsinki Festival 2012 and after that it has been performed several times in different places in Finland.<br \/>\nThe recordings, both solo and chamber music, of Mari M\u00e4ntyl\u00e4 have all received excellent responses in the music press both in Finland and abroad. M\u00e4ntyl\u00e4\u2019s most recent solo album, Passing Shadows, has been nominated for the 2026 Emma Awards in the category of classical music<\/p>\n<hr class=\"symple-divider dashed \" style=\"margin-top: 20px;margin-bottom: 20px;\" \/>\n<blockquote><p><i>M\u00e4ntyl\u00e4&#8217;s own [composition] Tangere, it is to even greater exploratory and musical effect, the sensitivity of her playing across fretless and percussive frontiers a highlight of the recital.<\/i>&nbsp;Gramophone, William Yeoman<\/p><\/blockquote>\n<blockquote><p><i>She is an excellent technician\u2014but more than that, she is an excellent musician.<\/i> Fanfare Magazine<\/p><\/blockquote>\n<blockquote><p><i>&#8212; it is the Bach suite where M\u00e4ntyl\u00e4 really shines. The presentation on this disc is an authoritative and highly musical one. She splendidly captures the characteristics of each movement well and easily meets the technical demands of this challenging music. This is a performance which ranks alongside the best of them. Recording quality and overall production is excellent and I can thoroughly recommend this disc to add to anyone&#8217;s CD library.<\/i> Classical Guitar Magazine<\/p><\/blockquote>\n<blockquote><p><i>The elaborate playing of Mari M\u00e4ntyl\u00e4 is sensitive and temperamental.<\/i>&nbsp;Suomen Kuvalehti Magazine<\/p><\/blockquote>\n<blockquote><p><i>With her ultimate pianissimos, M\u00e4ntyl\u00e4 provides a breathtaking profundity to the melancholy spirit of John Dowland, as well as to the Allemande and Sarabande movements of Bach\u2019s suite for the lute; in their subtlety, M\u00e4ntyl\u00e4 hides almost frightening strength.<\/i>&nbsp;Rondo Classic Magazine<\/p><\/blockquote>\n<p>She has appeared in several recordings and performed on the radio and television in Finland, Russia, France And Lithuania. Mari M\u00e4ntyl\u00e4 is the guitar and chamber music teacher of the Kuhmo Music Institute. She was also the artistic director of the Tirando Guitar Festival, organised in 2002 and 2003.<\/p>\n<p>M\u00e4ntyl\u00e4 studied the guitar at Tampere Conservatory with Jorma Salmela, in the department of solo studies at the Sibelius Academy with Jukka Savijoki, in Oscar Ghiglia\u2019s concert class at the Basel Music Academy in Switzerland and at Accademia Musicale Chigiana in Siena, where she was granted a Diploma di Merito (an honorary diploma), in 1991. She took her soloist diploma at the Sibelius Academy in 1995 and Konzertreife diploma at the Basel Music Academy in 1997. She gained her Master of Music degree in 1998.<\/p>\n<p>Mari M\u00e4ntyl\u00e4 plays two different decacordes built by Kauko Liikanen (LiikanenGuitars). One has frets under the all strings, the four lowest bass strings are fretless in the other. M\u00e4ntyl\u00e4 also plays an alto decacorde built by Georg Bolin.<\/p>\n<div style=\"max-width:600px;\">\n<h3>Decacorde<\/h3>\n<p>  <iframe loading=\"lazy\" width=\"560\" height=\"315\"\n  src=\"https:\/\/www.youtube.com\/embed\/kHtfOVzlb2Q\"\n  frameborder=\"0\" allowfullscreen><\/iframe><\/p>\n<h3>Altto decacorde<\/h3>\n<p>  <iframe loading=\"lazy\" width=\"560\" height=\"315\"\n  src=\"https:\/\/www.youtube.com\/embed\/QhGOW3BaNjU\"\n  frameborder=\"0\" allowfullscreen><\/iframe><\/p>\n<h3>Decacorde, four bass strings are fretless<\/h3>\n<p>  <iframe loading=\"lazy\" width=\"560\" height=\"315\"\n  src=\"https:\/\/www.youtube.com\/embed\/0ToTL0Xs23Y\"\n  frameborder=\"0\" allowfullscreen><\/iframe>\n<\/div>","protected":false},"excerpt":{"rendered":"<p>Mari M\u00e4ntyl\u00e4 is one of the most appreciated classical guitarists in Finland. Her main instrument is decacorde, the 10-string classical&#8230; <a href=\"https:\/\/www.marimantyla.com\/en\/mari-mantyla\/\">read more<\/a><\/p>\n","protected":false},"author":1,"featured_media":0,"parent":0,"menu_order":0,"comment_status":"closed","ping_status":"closed","template":"","meta":{"ngg_post_thumbnail":0,"footnotes":""},"class_list":["post-11","page","type-page","status-publish","hentry"],"yoast_head":"<!-- This site is optimized with the Yoast SEO plugin v27.5 - https:\/\/yoast.com\/product\/yoast-seo-wordpress\/ -->\n<title>Mari M\u00e4ntyl\u00e4 - Mari M&auml;ntyl&auml;<\/title>\n<meta name=\"robots\" content=\"index, follow, max-snippet:-1, max-image-preview:large, max-video-preview:-1\" \/>\n<link rel=\"canonical\" href=\"https:\/\/www.marimantyla.com\/mari-mantyla\/\" \/>\n<meta property=\"og:locale\" content=\"en_US\" \/>\n<meta property=\"og:type\" content=\"article\" \/>\n<meta property=\"og:title\" content=\"Mari M\u00e4ntyl\u00e4 - Mari M&auml;ntyl&auml;\" \/>\n<meta property=\"og:description\" content=\"Mari M\u00e4ntyl\u00e4 is one of the most appreciated classical guitarists in Finland. Her main instrument is decacorde, the 10-string classical... read more\" \/>\n<meta property=\"og:url\" content=\"https:\/\/www.marimantyla.com\/mari-mantyla\/\" \/>\n<meta property=\"og:site_name\" content=\"Mari M&auml;ntyl&auml;\" \/>\n<meta property=\"article:publisher\" content=\"https:\/\/www.facebook.com\/mari.mantyla.75\" \/>\n<meta property=\"article:modified_time\" content=\"2026-02-25T11:21:07+00:00\" \/>\n<meta name=\"twitter:card\" content=\"summary_large_image\" \/>\n<meta name=\"twitter:label1\" content=\"Est. reading time\" \/>\n\t<meta name=\"twitter:data1\" content=\"7 minutes\" \/>\n<script type=\"application\/ld+json\" class=\"yoast-schema-graph\">{\"@context\":\"https:\\\/\\\/schema.org\",\"@graph\":[{\"@type\":\"WebPage\",\"@id\":\"https:\\\/\\\/www.marimantyla.com\\\/mari-mantyla\\\/\",\"url\":\"https:\\\/\\\/www.marimantyla.com\\\/mari-mantyla\\\/\",\"name\":\"Mari M\u00e4ntyl\u00e4 - Mari M&auml;ntyl&auml;\",\"isPartOf\":{\"@id\":\"https:\\\/\\\/www.marimantyla.com\\\/en\\\/#website\"},\"datePublished\":\"2013-10-15T21:02:52+00:00\",\"dateModified\":\"2026-02-25T11:21:07+00:00\",\"breadcrumb\":{\"@id\":\"https:\\\/\\\/www.marimantyla.com\\\/mari-mantyla\\\/#breadcrumb\"},\"inLanguage\":\"en-US\",\"potentialAction\":[{\"@type\":\"ReadAction\",\"target\":[\"https:\\\/\\\/www.marimantyla.com\\\/mari-mantyla\\\/\"]}]},{\"@type\":\"BreadcrumbList\",\"@id\":\"https:\\\/\\\/www.marimantyla.com\\\/mari-mantyla\\\/#breadcrumb\",\"itemListElement\":[{\"@type\":\"ListItem\",\"position\":1,\"name\":\"Etusivu\",\"item\":\"https:\\\/\\\/www.marimantyla.com\\\/en\\\/\"},{\"@type\":\"ListItem\",\"position\":2,\"name\":\"Mari M\u00e4ntyl\u00e4\"}]},{\"@type\":\"WebSite\",\"@id\":\"https:\\\/\\\/www.marimantyla.com\\\/en\\\/#website\",\"url\":\"https:\\\/\\\/www.marimantyla.com\\\/en\\\/\",\"name\":\"Mari M&auml;ntyl&auml;\",\"description\":\"Decacorde\",\"potentialAction\":[{\"@type\":\"SearchAction\",\"target\":{\"@type\":\"EntryPoint\",\"urlTemplate\":\"https:\\\/\\\/www.marimantyla.com\\\/en\\\/?s={search_term_string}\"},\"query-input\":{\"@type\":\"PropertyValueSpecification\",\"valueRequired\":true,\"valueName\":\"search_term_string\"}}],\"inLanguage\":\"en-US\"}]}<\/script>\n<!-- \/ Yoast SEO plugin. -->","yoast_head_json":{"title":"Mari M\u00e4ntyl\u00e4 - Mari M&auml;ntyl&auml;","robots":{"index":"index","follow":"follow","max-snippet":"max-snippet:-1","max-image-preview":"max-image-preview:large","max-video-preview":"max-video-preview:-1"},"canonical":"https:\/\/www.marimantyla.com\/mari-mantyla\/","og_locale":"en_US","og_type":"article","og_title":"Mari M\u00e4ntyl\u00e4 - Mari M&auml;ntyl&auml;","og_description":"Mari M\u00e4ntyl\u00e4 is one of the most appreciated classical guitarists in Finland. Her main instrument is decacorde, the 10-string classical... read more","og_url":"https:\/\/www.marimantyla.com\/mari-mantyla\/","og_site_name":"Mari M&auml;ntyl&auml;","article_publisher":"https:\/\/www.facebook.com\/mari.mantyla.75","article_modified_time":"2026-02-25T11:21:07+00:00","twitter_card":"summary_large_image","twitter_misc":{"Est. reading time":"7 minutes"},"schema":{"@context":"https:\/\/schema.org","@graph":[{"@type":"WebPage","@id":"https:\/\/www.marimantyla.com\/mari-mantyla\/","url":"https:\/\/www.marimantyla.com\/mari-mantyla\/","name":"Mari M\u00e4ntyl\u00e4 - Mari M&auml;ntyl&auml;","isPartOf":{"@id":"https:\/\/www.marimantyla.com\/en\/#website"},"datePublished":"2013-10-15T21:02:52+00:00","dateModified":"2026-02-25T11:21:07+00:00","breadcrumb":{"@id":"https:\/\/www.marimantyla.com\/mari-mantyla\/#breadcrumb"},"inLanguage":"en-US","potentialAction":[{"@type":"ReadAction","target":["https:\/\/www.marimantyla.com\/mari-mantyla\/"]}]},{"@type":"BreadcrumbList","@id":"https:\/\/www.marimantyla.com\/mari-mantyla\/#breadcrumb","itemListElement":[{"@type":"ListItem","position":1,"name":"Etusivu","item":"https:\/\/www.marimantyla.com\/en\/"},{"@type":"ListItem","position":2,"name":"Mari M\u00e4ntyl\u00e4"}]},{"@type":"WebSite","@id":"https:\/\/www.marimantyla.com\/en\/#website","url":"https:\/\/www.marimantyla.com\/en\/","name":"Mari M&auml;ntyl&auml;","description":"Decacorde","potentialAction":[{"@type":"SearchAction","target":{"@type":"EntryPoint","urlTemplate":"https:\/\/www.marimantyla.com\/en\/?s={search_term_string}"},"query-input":{"@type":"PropertyValueSpecification","valueRequired":true,"valueName":"search_term_string"}}],"inLanguage":"en-US"}]}},"_links":{"self":[{"href":"https:\/\/www.marimantyla.com\/en\/wp-json\/wp\/v2\/pages\/11","targetHints":{"allow":["GET"]}}],"collection":[{"href":"https:\/\/www.marimantyla.com\/en\/wp-json\/wp\/v2\/pages"}],"about":[{"href":"https:\/\/www.marimantyla.com\/en\/wp-json\/wp\/v2\/types\/page"}],"author":[{"embeddable":true,"href":"https:\/\/www.marimantyla.com\/en\/wp-json\/wp\/v2\/users\/1"}],"replies":[{"embeddable":true,"href":"https:\/\/www.marimantyla.com\/en\/wp-json\/wp\/v2\/comments?post=11"}],"version-history":[{"count":64,"href":"https:\/\/www.marimantyla.com\/en\/wp-json\/wp\/v2\/pages\/11\/revisions"}],"predecessor-version":[{"id":1075,"href":"https:\/\/www.marimantyla.com\/en\/wp-json\/wp\/v2\/pages\/11\/revisions\/1075"}],"wp:attachment":[{"href":"https:\/\/www.marimantyla.com\/en\/wp-json\/wp\/v2\/media?parent=11"}],"curies":[{"name":"wp","href":"https:\/\/api.w.org\/{rel}","templated":true}]}}