{"id":867,"date":"2019-05-22T09:21:27","date_gmt":"2019-05-22T09:21:27","guid":{"rendered":"http:\/\/www.marimantyla.com\/?page_id=867"},"modified":"2019-07-05T10:13:37","modified_gmt":"2019-07-05T10:13:37","slug":"pyhiinvaeltaja","status":"publish","type":"page","link":"https:\/\/www.marimantyla.com\/en\/pyhiinvaeltaja\/","title":{"rendered":"The Pilgrim"},"content":{"rendered":"Anneliina Rif, soprano<br \/>\nMari M\u00e4ntyl\u00e4, decacorde <\/p>\n<p>Composers of the concert:<br \/>\nTarquino Merula, Anonymous, Alonso Mudarra, Luys de Narv\u00e1ez, Pekka Jalkanen, Jos\u00e9 Mar\u00edn, Juan Antonio Muro, Eero H\u00e4meenniemi <\/p>\n<span class=\"su-lightbox\" data-mfp-src=\"https:\/\/www.marimantyla.com\/wp-content\/uploads\/2019\/05\/pyhiinvaeltajat1medium.jpg\" data-mfp-type=\"image\" data-mobile=\"yes\"><img decoding=\"async\" src=\"https:\/\/www.marimantyla.com\/wp-content\/uploads\/2019\/05\/pyhiinvaeltajat1medium.jpg\" style=\"width:45%; float: left; margin: 0 20px 10px 0;\" class=\"full-for-mobile\"><\/span>\n<span class=\"su-lightbox\" data-mfp-src=\"https:\/\/www.marimantyla.com\/wp-content\/uploads\/2019\/05\/pyhiinvaeltajat2medium.jpg\" data-mfp-type=\"image\" data-mobile=\"yes\"><img decoding=\"async\" src=\"https:\/\/www.marimantyla.com\/wp-content\/uploads\/2019\/05\/pyhiinvaeltajat2medium.jpg\" style=\"width:45%; float: left; margin: 0 20px 10px 0;\" class=\"hide-for-mobile\"><\/span>\n<span style=\"clear: both;\"><\/span><\/p>\n<p style=\"clear: both;\">Every one of the pieces in the concert offers a unique perspective that contributes to the narrative of human aspiration to achieve harmony: love, consolation and peace of soul. <\/p>\n<p>The world is full of diversity; different cultures, religions and beliefs surround us and impact our daily lives in more direct ways than once imaginable. However, the diversity has always existed. We will hear how Muslim maidens reaping olives in the Andalusian countryside (Tres morillas) aroused love\u2019s yearning in the Renaissance poet just as any beautiful scene may stir deep feelings in us today. We will learn of the pain of the Judean king David as he mourned for his dead son three thousand years ago (Triste estaba el rey David). We relive those raw emotions as they become manifest in this concert through music that dates back some 500 years. <\/p>\n<p>A parting, the experience of an aching separation in India 1400 years ago (5 songs about Kuruntokai) becomes fluently articulated in modern musical expression, with the Tamil lyrics taking on a new form in their translations into Finnish, Hindi and Finnish Romany. Although the journey of life runs through many misfortunes, partings, and deaths, the human compass needle settles itself naturally toward light and holiness. Shall I allow myself to be guided by my compass? That is the question only I, the pilgrim, can answer.<br \/>","protected":false},"excerpt":{"rendered":"<p>Anneliina Rif, soprano Mari M\u00e4ntyl\u00e4, decacorde Composers of the concert: Tarquino Merula, Anonymous, Alonso Mudarra, Luys de Narv\u00e1ez, Pekka Jalkanen,&#8230; <a href=\"https:\/\/www.marimantyla.com\/en\/pyhiinvaeltaja\/\">read more<\/a><\/p>\n","protected":false},"author":1,"featured_media":0,"parent":0,"menu_order":0,"comment_status":"closed","ping_status":"closed","template":"","meta":{"ngg_post_thumbnail":0,"footnotes":""},"class_list":["post-867","page","type-page","status-publish","hentry"],"yoast_head":"<!-- This site is optimized with the Yoast SEO plugin v27.5 - https:\/\/yoast.com\/product\/yoast-seo-wordpress\/ -->\n<title>The Pilgrim - Mari M&auml;ntyl&auml;<\/title>\n<meta name=\"robots\" content=\"index, follow, max-snippet:-1, max-image-preview:large, max-video-preview:-1\" \/>\n<link rel=\"canonical\" href=\"https:\/\/www.marimantyla.com\/pyhiinvaeltaja\/\" \/>\n<meta property=\"og:locale\" content=\"en_US\" \/>\n<meta property=\"og:type\" content=\"article\" \/>\n<meta property=\"og:title\" content=\"The Pilgrim - Mari M&auml;ntyl&auml;\" \/>\n<meta property=\"og:description\" content=\"Anneliina Rif, soprano Mari M\u00e4ntyl\u00e4, decacorde Composers of the concert: Tarquino Merula, Anonymous, Alonso Mudarra, Luys de Narv\u00e1ez, Pekka Jalkanen,... read more\" \/>\n<meta property=\"og:url\" content=\"https:\/\/www.marimantyla.com\/pyhiinvaeltaja\/\" \/>\n<meta property=\"og:site_name\" content=\"Mari M&auml;ntyl&auml;\" \/>\n<meta property=\"article:publisher\" content=\"https:\/\/www.facebook.com\/mari.mantyla.75\" \/>\n<meta property=\"article:modified_time\" content=\"2019-07-05T10:13:37+00:00\" \/>\n<meta property=\"og:image\" content=\"https:\/\/www.marimantyla.com\/wp-content\/uploads\/2019\/05\/pyhiinvaeltajat1medium.jpg\" \/>\n<meta name=\"twitter:card\" content=\"summary_large_image\" \/>\n<meta name=\"twitter:label1\" content=\"Est. reading time\" \/>\n\t<meta name=\"twitter:data1\" content=\"3 minutes\" \/>\n<script type=\"application\/ld+json\" class=\"yoast-schema-graph\">{\"@context\":\"https:\\\/\\\/schema.org\",\"@graph\":[{\"@type\":\"WebPage\",\"@id\":\"https:\\\/\\\/www.marimantyla.com\\\/pyhiinvaeltaja\\\/\",\"url\":\"https:\\\/\\\/www.marimantyla.com\\\/pyhiinvaeltaja\\\/\",\"name\":\"The Pilgrim - Mari M&auml;ntyl&auml;\",\"isPartOf\":{\"@id\":\"https:\\\/\\\/www.marimantyla.com\\\/en\\\/#website\"},\"primaryImageOfPage\":{\"@id\":\"https:\\\/\\\/www.marimantyla.com\\\/pyhiinvaeltaja\\\/#primaryimage\"},\"image\":{\"@id\":\"https:\\\/\\\/www.marimantyla.com\\\/pyhiinvaeltaja\\\/#primaryimage\"},\"thumbnailUrl\":\"https:\\\/\\\/www.marimantyla.com\\\/wp-content\\\/uploads\\\/2019\\\/05\\\/pyhiinvaeltajat1medium.jpg\",\"datePublished\":\"2019-05-22T09:21:27+00:00\",\"dateModified\":\"2019-07-05T10:13:37+00:00\",\"breadcrumb\":{\"@id\":\"https:\\\/\\\/www.marimantyla.com\\\/pyhiinvaeltaja\\\/#breadcrumb\"},\"inLanguage\":\"en-US\",\"potentialAction\":[{\"@type\":\"ReadAction\",\"target\":[\"https:\\\/\\\/www.marimantyla.com\\\/pyhiinvaeltaja\\\/\"]}]},{\"@type\":\"ImageObject\",\"inLanguage\":\"en-US\",\"@id\":\"https:\\\/\\\/www.marimantyla.com\\\/pyhiinvaeltaja\\\/#primaryimage\",\"url\":\"https:\\\/\\\/www.marimantyla.com\\\/wp-content\\\/uploads\\\/2019\\\/05\\\/pyhiinvaeltajat1medium.jpg\",\"contentUrl\":\"https:\\\/\\\/www.marimantyla.com\\\/wp-content\\\/uploads\\\/2019\\\/05\\\/pyhiinvaeltajat1medium.jpg\"},{\"@type\":\"BreadcrumbList\",\"@id\":\"https:\\\/\\\/www.marimantyla.com\\\/pyhiinvaeltaja\\\/#breadcrumb\",\"itemListElement\":[{\"@type\":\"ListItem\",\"position\":1,\"name\":\"Etusivu\",\"item\":\"https:\\\/\\\/www.marimantyla.com\\\/en\\\/\"},{\"@type\":\"ListItem\",\"position\":2,\"name\":\"Pyhiinvaeltaja\"}]},{\"@type\":\"WebSite\",\"@id\":\"https:\\\/\\\/www.marimantyla.com\\\/en\\\/#website\",\"url\":\"https:\\\/\\\/www.marimantyla.com\\\/en\\\/\",\"name\":\"Mari M&auml;ntyl&auml;\",\"description\":\"Decacorde\",\"potentialAction\":[{\"@type\":\"SearchAction\",\"target\":{\"@type\":\"EntryPoint\",\"urlTemplate\":\"https:\\\/\\\/www.marimantyla.com\\\/en\\\/?s={search_term_string}\"},\"query-input\":{\"@type\":\"PropertyValueSpecification\",\"valueRequired\":true,\"valueName\":\"search_term_string\"}}],\"inLanguage\":\"en-US\"}]}<\/script>\n<!-- \/ Yoast SEO plugin. -->","yoast_head_json":{"title":"The Pilgrim - Mari M&auml;ntyl&auml;","robots":{"index":"index","follow":"follow","max-snippet":"max-snippet:-1","max-image-preview":"max-image-preview:large","max-video-preview":"max-video-preview:-1"},"canonical":"https:\/\/www.marimantyla.com\/pyhiinvaeltaja\/","og_locale":"en_US","og_type":"article","og_title":"The Pilgrim - Mari M&auml;ntyl&auml;","og_description":"Anneliina Rif, soprano Mari M\u00e4ntyl\u00e4, decacorde Composers of the concert: Tarquino Merula, Anonymous, Alonso Mudarra, Luys de Narv\u00e1ez, Pekka Jalkanen,... read more","og_url":"https:\/\/www.marimantyla.com\/pyhiinvaeltaja\/","og_site_name":"Mari M&auml;ntyl&auml;","article_publisher":"https:\/\/www.facebook.com\/mari.mantyla.75","article_modified_time":"2019-07-05T10:13:37+00:00","og_image":[{"url":"https:\/\/www.marimantyla.com\/wp-content\/uploads\/2019\/05\/pyhiinvaeltajat1medium.jpg","type":"","width":"","height":""}],"twitter_card":"summary_large_image","twitter_misc":{"Est. reading time":"3 minutes"},"schema":{"@context":"https:\/\/schema.org","@graph":[{"@type":"WebPage","@id":"https:\/\/www.marimantyla.com\/pyhiinvaeltaja\/","url":"https:\/\/www.marimantyla.com\/pyhiinvaeltaja\/","name":"The Pilgrim - Mari M&auml;ntyl&auml;","isPartOf":{"@id":"https:\/\/www.marimantyla.com\/en\/#website"},"primaryImageOfPage":{"@id":"https:\/\/www.marimantyla.com\/pyhiinvaeltaja\/#primaryimage"},"image":{"@id":"https:\/\/www.marimantyla.com\/pyhiinvaeltaja\/#primaryimage"},"thumbnailUrl":"https:\/\/www.marimantyla.com\/wp-content\/uploads\/2019\/05\/pyhiinvaeltajat1medium.jpg","datePublished":"2019-05-22T09:21:27+00:00","dateModified":"2019-07-05T10:13:37+00:00","breadcrumb":{"@id":"https:\/\/www.marimantyla.com\/pyhiinvaeltaja\/#breadcrumb"},"inLanguage":"en-US","potentialAction":[{"@type":"ReadAction","target":["https:\/\/www.marimantyla.com\/pyhiinvaeltaja\/"]}]},{"@type":"ImageObject","inLanguage":"en-US","@id":"https:\/\/www.marimantyla.com\/pyhiinvaeltaja\/#primaryimage","url":"https:\/\/www.marimantyla.com\/wp-content\/uploads\/2019\/05\/pyhiinvaeltajat1medium.jpg","contentUrl":"https:\/\/www.marimantyla.com\/wp-content\/uploads\/2019\/05\/pyhiinvaeltajat1medium.jpg"},{"@type":"BreadcrumbList","@id":"https:\/\/www.marimantyla.com\/pyhiinvaeltaja\/#breadcrumb","itemListElement":[{"@type":"ListItem","position":1,"name":"Etusivu","item":"https:\/\/www.marimantyla.com\/en\/"},{"@type":"ListItem","position":2,"name":"Pyhiinvaeltaja"}]},{"@type":"WebSite","@id":"https:\/\/www.marimantyla.com\/en\/#website","url":"https:\/\/www.marimantyla.com\/en\/","name":"Mari M&auml;ntyl&auml;","description":"Decacorde","potentialAction":[{"@type":"SearchAction","target":{"@type":"EntryPoint","urlTemplate":"https:\/\/www.marimantyla.com\/en\/?s={search_term_string}"},"query-input":{"@type":"PropertyValueSpecification","valueRequired":true,"valueName":"search_term_string"}}],"inLanguage":"en-US"}]}},"_links":{"self":[{"href":"https:\/\/www.marimantyla.com\/en\/wp-json\/wp\/v2\/pages\/867","targetHints":{"allow":["GET"]}}],"collection":[{"href":"https:\/\/www.marimantyla.com\/en\/wp-json\/wp\/v2\/pages"}],"about":[{"href":"https:\/\/www.marimantyla.com\/en\/wp-json\/wp\/v2\/types\/page"}],"author":[{"embeddable":true,"href":"https:\/\/www.marimantyla.com\/en\/wp-json\/wp\/v2\/users\/1"}],"replies":[{"embeddable":true,"href":"https:\/\/www.marimantyla.com\/en\/wp-json\/wp\/v2\/comments?post=867"}],"version-history":[{"count":1,"href":"https:\/\/www.marimantyla.com\/en\/wp-json\/wp\/v2\/pages\/867\/revisions"}],"predecessor-version":[{"id":894,"href":"https:\/\/www.marimantyla.com\/en\/wp-json\/wp\/v2\/pages\/867\/revisions\/894"}],"wp:attachment":[{"href":"https:\/\/www.marimantyla.com\/en\/wp-json\/wp\/v2\/media?parent=867"}],"curies":[{"name":"wp","href":"https:\/\/api.w.org\/{rel}","templated":true}]}}